{"id":15,"date":"2025-01-14T18:37:40","date_gmt":"2025-01-14T18:37:40","guid":{"rendered":"https:\/\/www.schmuck-truhe-reh.de\/?page_id=15"},"modified":"2025-01-14T18:38:18","modified_gmt":"2025-01-14T18:38:18","slug":"unser-service","status":"publish","type":"page","link":"https:\/\/www.schmuck-truhe-reh.de\/index.php\/unser-service\/","title":{"rendered":"Unser Service"},"content":{"rendered":"\t\t<div data-elementor-type=\"wp-page\" data-elementor-id=\"15\" class=\"elementor elementor-15\">\n\t\t\t\t<div class=\"elementor-element elementor-element-f7b6e1c e-flex e-con-boxed e-con e-parent\" data-id=\"f7b6e1c\" data-element_type=\"container\">\n\t\t\t\t\t<div class=\"e-con-inner\">\n\t\t\t\t<div class=\"elementor-element elementor-element-11780b2 elementor-widget elementor-widget-text-editor\" data-id=\"11780b2\" data-element_type=\"widget\" data-widget_type=\"text-editor.default\">\n\t\t\t\t<div class=\"elementor-widget-container\">\n\t\t\t\t\t\t\t\t\tSelbstverst\u00e4ndlich bieten wir einen umfangreichen Service bei\u00a0allen m\u00f6glichen Schmuck- und Uhrenreparaturen:\n<ul>\n\t<li>Batteriewechsel Ihrer Armbanduhr,<\/li>\n\t<li>Armbandwechsel und -k\u00fcrzung,<\/li>\n\t<li>Gravuren,<\/li>\n\t<li>F\u00e4deln und Knoten Ihrer Perlkette,<\/li>\n\t<li>Altgoldankauf,<\/li>\n\t<li>und vieles mehr; Rufen Sie uns gerne an!<\/li>\n<\/ul>\n&nbsp;\t\t\t\t\t\t\t\t<\/div>\n\t\t\t\t<\/div>\n\t\t\t\t\t<\/div>\n\t\t\t\t<\/div>\n\t\t\t\t<\/div>\n\t\t","protected":false},"excerpt":{"rendered":"<p>Selbstverst\u00e4ndlich bieten wir einen umfangreichen Service bei\u00a0allen m\u00f6glichen Schmuck- und Uhrenreparaturen: Batteriewechsel Ihrer Armbanduhr, Armbandwechsel und -k\u00fcrzung, Gravuren, F\u00e4deln und Knoten Ihrer Perlkette, Altgoldankauf, und vieles mehr; Rufen Sie uns gerne an! &nbsp;<\/p>\n","protected":false},"author":1,"featured_media":0,"parent":0,"menu_order":0,"comment_status":"closed","ping_status":"closed","template":"","meta":{"footnotes":""},"class_list":["post-15","page","type-page","status-publish","hentry"],"_links":{"self":[{"href":"https:\/\/www.schmuck-truhe-reh.de\/index.php\/wp-json\/wp\/v2\/pages\/15","targetHints":{"allow":["GET"]}}],"collection":[{"href":"https:\/\/www.schmuck-truhe-reh.de\/index.php\/wp-json\/wp\/v2\/pages"}],"about":[{"href":"https:\/\/www.schmuck-truhe-reh.de\/index.php\/wp-json\/wp\/v2\/types\/page"}],"author":[{"embeddable":true,"href":"https:\/\/www.schmuck-truhe-reh.de\/index.php\/wp-json\/wp\/v2\/users\/1"}],"replies":[{"embeddable":true,"href":"https:\/\/www.schmuck-truhe-reh.de\/index.php\/wp-json\/wp\/v2\/comments?post=15"}],"version-history":[{"count":4,"href":"https:\/\/www.schmuck-truhe-reh.de\/index.php\/wp-json\/wp\/v2\/pages\/15\/revisions"}],"predecessor-version":[{"id":19,"href":"https:\/\/www.schmuck-truhe-reh.de\/index.php\/wp-json\/wp\/v2\/pages\/15\/revisions\/19"}],"wp:attachment":[{"href":"https:\/\/www.schmuck-truhe-reh.de\/index.php\/wp-json\/wp\/v2\/media?parent=15"}],"curies":[{"name":"wp","href":"https:\/\/api.w.org\/{rel}","templated":true}]}}