{"id":3,"date":"2025-01-14T18:23:28","date_gmt":"2025-01-14T18:23:28","guid":{"rendered":"https:\/\/www.schmuck-truhe-reh.de\/?page_id=3"},"modified":"2025-01-14T18:53:59","modified_gmt":"2025-01-14T18:53:59","slug":"privacy-policy","status":"publish","type":"page","link":"https:\/\/www.schmuck-truhe-reh.de\/index.php\/privacy-policy\/","title":{"rendered":"Kontakt und Impressum"},"content":{"rendered":"\t\t<div data-elementor-type=\"wp-page\" data-elementor-id=\"3\" class=\"elementor elementor-3\">\n\t\t\t\t<div class=\"elementor-element elementor-element-486ed86d e-flex e-con-boxed e-con e-parent\" data-id=\"486ed86d\" data-element_type=\"container\">\n\t\t\t\t\t<div class=\"e-con-inner\">\n\t\t\t\t<div class=\"elementor-element elementor-element-101776a9 elementor-widget elementor-widget-text-editor\" data-id=\"101776a9\" data-element_type=\"widget\" data-widget_type=\"text-editor.default\">\n\t\t\t\t<div class=\"elementor-widget-container\">\n\t\t\t\t\t\t\t\t\t<h1>Kontakt<\/h1>\n<h2>Ludwigstra\u00dfe 31, 89231 Neu-Ulm<\/h2>\n<h2>Telefon: 0731 \u2013 77 874<\/h2>\n<h2>Telefax: 0731 \u2013 79 280<\/h2>\n<p><iframe src=\"https:\/\/maps.google.de\/maps?q=ludwigstra%C3%9Fe+31,+89269+neu-ulm&amp;ie=UTF8&amp;hq=&amp;hnear=Ludwigstra%C3%9Fe+31,+89231+Neu-Ulm,+Schwaben,+Bayern&amp;gl=de&amp;t=m&amp;ll=48.397126,9.993525&amp;spn=0.022795,0.051498&amp;z=14&amp;iwloc=A&amp;output=embed\" width=\"600\" height=\"400\" frameborder=\"0\" marginwidth=\"0\" marginheight=\"0\" scrolling=\"no\"><\/iframe><br \/><small><a style=\"color: #0000ff; text-align: left;\" href=\"https:\/\/maps.google.de\/maps?q=ludwigstra%C3%9Fe+31,+89269+neu-ulm&amp;ie=UTF8&amp;hq=&amp;hnear=Ludwigstra%C3%9Fe+31,+89231+Neu-Ulm,+Schwaben,+Bayern&amp;gl=de&amp;t=m&amp;ll=48.397126,9.993525&amp;spn=0.022795,0.051498&amp;z=14&amp;iwloc=A&amp;source=embed\">Gr\u00f6\u00dfere Kartenansicht<\/a><\/small><\/p>\n<h1>Impressum<\/h1>\n<p>Angaben gem. \u00a7 5 TMG:<\/p>\n<p>Schmuck Truhe Reh<br \/>Gabriele Reh-H\u00f6b<br \/>Ludwigstra\u00dfe 31<br \/>89231 Neu-Ulm<\/p>\n<p><strong>Kontaktaufnahme:<\/strong><\/p>\n<p>Telefon: 0731-77874<br \/>Fax: 0731-79280<br \/>E-Mail: Gabriele.reh-hoeb (_at_) t-online.de<\/p>\n<p><strong>Umsatzsteuer-ID<\/strong><\/p>\n<p>Umsatzsteuer-Identifikationsnummer gem. \u00a7 27 a Umsatzsteuergesetz:<\/p>\n<p>DE 130 801 251<\/p>\n<p>\u00a0<\/p>\n<p><strong>Haftung f\u00fcr Inhalte<\/strong><\/p>\n<p>Die Inhalte unserer Seiten wurden mit gr\u00f6\u00dfter Sorgfalt erstellt. F\u00fcr die Richtigkeit, Vollst\u00e4ndigkeit und Aktualit\u00e4t der Inhalte k\u00f6nnen wir jedoch keine Gew\u00e4hr \u00fcbernehmen. Als Diensteanbieter sind wir gem\u00e4\u00df \u00a7 7 Abs.1 TMG f\u00fcr eigene Inhalte auf diesen Seiten nach den allgemeinen Gesetzen verantwortlich.<br \/>Nach \u00a7\u00a7 8 bis 10 TMG sind wir als Diensteanbieter jedoch nicht verpflichtet, \u00fcbermittelte oder gespeicherte fremde Informationen zu \u00fcberwachen oder nach Umst\u00e4nden zu forschen, die auf eine rechtswidrige T\u00e4tigkeit hinweisen. Verpflichtungen zur Entfernung oder Sperrung der Nutzung von Informationen nach den allgemeinen Gesetzen bleiben hiervon unber\u00fchrt. Eine diesbez\u00fcgliche Haftung ist jedoch erst ab dem Zeitpunkt der Kenntnis einer konkreten Rechtsverletzung m\u00f6glich. Bei Bekanntwerden von entsprechenden Rechtsverletzungen werden wir diese Inhalte umgehend entfernen.<\/p>\n<p><strong>Haftung f\u00fcr Links<\/strong><\/p>\n<p>Unser Angebot enth\u00e4lt Links zu externen Webseiten Dritter, auf deren Inhalte wir keinen Einfluss haben. Deshalb k\u00f6nnen wir f\u00fcr diese fremden Inhalte auch keine Gew\u00e4hr \u00fcbernehmen. F\u00fcr die Inhalte der verlinkten Seiten ist stets der jeweilige Anbieter oder Betreiber der Seiten verantwortlich. Die verlinkten Seiten wurden zum Zeitpunkt der Verlinkung auf m\u00f6gliche Rechtsverst\u00f6\u00dfe \u00fcberpr\u00fcft. Rechtswidrige Inhalte waren zum Zeitpunkt der Verlinkung nicht erkennbar. Eine permanente inhaltliche Kontrolle der verlinkten Seiten ist jedoch ohne konkrete Anhaltspunkte einer Rechtsverletzung nicht zumutbar. Bei Bekanntwerden von Rechtsverletzungen werden wir derartige Links umgehend entfernen.<\/p>\n<p><strong>Urheberrecht<\/strong><\/p>\n<p>Die durch die Seitenbetreiber erstellten Inhalte und Werke auf diesen Seiten unterliegen dem deutschen Urheberrecht. Die Vervielf\u00e4ltigung, Bearbeitung, Verbreitung und jede Art der Verwertung au\u00dferhalb der Grenzen des Urheberrechtes bed\u00fcrfen der schriftlichen Zustimmung des jeweiligen Autors bzw. Erstellers. Downloads und Kopien dieser Seite sind nur f\u00fcr den privaten, nicht kommerziellen Gebrauch gestattet. Soweit die Inhalte auf dieser Seite nicht vom Betreiber erstellt wurden, werden die Urheberrechte Dritter beachtet. Insbesondere werden Inhalte Dritter als solche gekennzeichnet. Sollten Sie trotzdem auf eine Urheberrechtsverletzung aufmerksam werden, bitten wir um einen entsprechenden Hinweis.<br \/>Bei Bekanntwerden von Rechtsverletzungen werden wir derartige Inhalte umgehend entfernen.<\/p>\n<p><strong>Datenschutz<\/strong><\/p>\n<p>Die Nutzung unserer Webseite ist in der Regel ohne Angabe personenbezogener Daten m\u00f6glich. Soweit auf unseren Seiten personenbezogene Daten (beispielsweise Name, Anschrift oder eMail-Adressen) erhoben werden, erfolgt dies, soweit m\u00f6glich, stets auf freiwilliger Basis. Diese Daten werden ohne Ihre ausdr\u00fcckliche Zustimmung nicht an Dritte weitergegeben.<\/p>\n<p>Wir weisen darauf hin, dass die Daten\u00fcbertragung im Internet (z.B. bei der Kommunikation per E-Mail) Sicherheitsl\u00fccken aufweisen kann. Ein l\u00fcckenloser Schutz der Daten vor dem Zugriff durch Dritte ist nicht m\u00f6glich.<\/p>\n<p>Der Nutzung von im Rahmen der Impressumspflicht ver\u00f6ffentlichten Kontaktdaten durch Dritte zur \u00dcbersendung von nicht ausdr\u00fccklich angeforderter Werbung und Informationsmaterialien wird hiermit ausdr\u00fccklich widersprochen.<br \/>Die Betreiber der Seiten behalten sich ausdr\u00fccklich rechtliche Schritte im Falle der unverlangten Zusendung von Werbeinformationen, etwa durch Spam-Mails, vor.<\/p>\n<p>\u00a0<\/p>\n<p>Diese Seite nutzt die Online-Terminbuchungssoftware cituro, um Ihnen eine Online-Terminbuchung anbieten zu k\u00f6nnen. Beim \u00d6ffnen der Onlinebuchung wird Ihre IP-Adresse und der Zeitpunkt des Aufrufs vom Betreiber, im Rahmen des technischen Loggings erfasst und f\u00fcr 2 Tage aufbewahrt. Dar\u00fcber hinaus erfolgt keine Nutzung dieser Informationen.<br \/>Beim Abschluss einer Buchung werden weitere pers\u00f6nliche Daten, die f\u00fcr unsere Leistungserbringung erforderlich sind, von Ihnen erfasst und verarbeitet und im Rahmen der gesetzlich vorgeschriebenen Kontaktdatenverfolgung aufbewahrt.<\/p>\n<p>Weitere Informationen finden Sie in der Datenschutzerkl\u00e4rung des Anbieters (<a href=\"https:\/\/www.cituro.com\/datenschutz\" rel=\"nofollow\">cituro Datenschutzerkl\u00e4rung<\/a>).<\/p>\t\t\t\t\t\t\t\t<\/div>\n\t\t\t\t<\/div>\n\t\t\t\t\t<\/div>\n\t\t\t\t<\/div>\n\t\t\t\t<\/div>\n\t\t","protected":false},"excerpt":{"rendered":"<p>Kontakt Ludwigstra\u00dfe 31, 89231 Neu-Ulm Telefon: 0731 \u2013 77 874 Telefax: 0731 \u2013 79 280 Gr\u00f6\u00dfere Kartenansicht Impressum Angaben gem. \u00a7 5 TMG: Schmuck Truhe RehGabriele Reh-H\u00f6bLudwigstra\u00dfe 3189231 Neu-Ulm Kontaktaufnahme: Telefon: 0731-77874Fax: 0731-79280E-Mail: Gabriele.reh-hoeb (_at_) t-online.de Umsatzsteuer-ID Umsatzsteuer-Identifikationsnummer gem. \u00a7 &hellip; <a href=\"https:\/\/www.schmuck-truhe-reh.de\/index.php\/privacy-policy\/\">Weiterlesen <span class=\"meta-nav\">&rarr;<\/span><\/a><\/p>\n","protected":false},"author":1,"featured_media":0,"parent":0,"menu_order":0,"comment_status":"closed","ping_status":"open","template":"","meta":{"footnotes":""},"class_list":["post-3","page","type-page","status-publish","hentry"],"_links":{"self":[{"href":"https:\/\/www.schmuck-truhe-reh.de\/index.php\/wp-json\/wp\/v2\/pages\/3","targetHints":{"allow":["GET"]}}],"collection":[{"href":"https:\/\/www.schmuck-truhe-reh.de\/index.php\/wp-json\/wp\/v2\/pages"}],"about":[{"href":"https:\/\/www.schmuck-truhe-reh.de\/index.php\/wp-json\/wp\/v2\/types\/page"}],"author":[{"embeddable":true,"href":"https:\/\/www.schmuck-truhe-reh.de\/index.php\/wp-json\/wp\/v2\/users\/1"}],"replies":[{"embeddable":true,"href":"https:\/\/www.schmuck-truhe-reh.de\/index.php\/wp-json\/wp\/v2\/comments?post=3"}],"version-history":[{"count":3,"href":"https:\/\/www.schmuck-truhe-reh.de\/index.php\/wp-json\/wp\/v2\/pages\/3\/revisions"}],"predecessor-version":[{"id":46,"href":"https:\/\/www.schmuck-truhe-reh.de\/index.php\/wp-json\/wp\/v2\/pages\/3\/revisions\/46"}],"wp:attachment":[{"href":"https:\/\/www.schmuck-truhe-reh.de\/index.php\/wp-json\/wp\/v2\/media?parent=3"}],"curies":[{"name":"wp","href":"https:\/\/api.w.org\/{rel}","templated":true}]}}